{"id":68,"date":"2024-03-30T15:13:55","date_gmt":"2024-03-30T15:13:55","guid":{"rendered":"https:\/\/lgsmartblinds.com\/?page_id=68"},"modified":"2025-06-23T01:01:46","modified_gmt":"2025-06-23T01:01:46","slug":"contacto","status":"publish","type":"page","link":"https:\/\/lgsmartblinds.com\/en\/contacto\/","title":{"rendered":"CONTACT US"},"content":{"rendered":"<div data-elementor-type=\"wp-page\" data-elementor-id=\"68\" class=\"elementor elementor-68\">\n\t\t\t\t<div class=\"elementor-element elementor-element-3eef6a35 e-con-full e-flex e-con e-parent\" data-id=\"3eef6a35\" data-element_type=\"container\" data-e-type=\"container\" data-settings=\"{&quot;background_background&quot;:&quot;classic&quot;}\">\n\t\t<div class=\"elementor-element elementor-element-546f6ccb e-grid e-con-boxed e-con e-child\" data-id=\"546f6ccb\" data-element_type=\"container\" data-e-type=\"container\">\n\t\t\t\t\t<div class=\"e-con-inner\">\n\t\t\t\t<div class=\"elementor-element elementor-element-70ab28ff elementor-widget elementor-widget-heading\" data-id=\"70ab28ff\" data-element_type=\"widget\" data-e-type=\"widget\" data-widget_type=\"heading.default\">\n\t\t\t\t<div class=\"elementor-widget-container\">\n\t\t\t\t\t<h2 class=\"elementor-heading-title elementor-size-default\">Contact Us<\/h2>\t\t\t\t<\/div>\n\t\t\t\t<\/div>\n\t\t\t\t<div class=\"elementor-element elementor-element-2e4257b5 elementor-widget elementor-widget-text-editor\" data-id=\"2e4257b5\" data-element_type=\"widget\" data-e-type=\"widget\" data-widget_type=\"text-editor.default\">\n\t\t\t\t<div class=\"elementor-widget-container\">\n\t\t\t\t\t\t\t\t\t<p>LG SmartBlinds Corp<br \/>7760 West 20th Avenue, Hialeah, FL 33016, USA<\/p><p>305-797-4479 Principal line<br \/>786-252-5968 Direct line<br \/>Sales@lgsmartblinds.com<\/p><p>Hour<br \/>Monday \u2013 Friday: 8 AM \u2013 6 PM<br \/>Saturday: Closed<br \/>Sunday: Closed<\/p>\t\t\t\t\t\t\t\t<\/div>\n\t\t\t\t<\/div>\n\t\t\t\t<div class=\"elementor-element elementor-element-6780d60 elementor-widget elementor-widget-google_maps\" data-id=\"6780d60\" data-element_type=\"widget\" data-e-type=\"widget\" data-widget_type=\"google_maps.default\">\n\t\t\t\t<div class=\"elementor-widget-container\">\n\t\t\t\t\t\t\t<div class=\"elementor-custom-embed\">\n\t\t\t<iframe loading=\"lazy\"\n\t\t\t\t\tsrc=\"https:\/\/maps.google.com\/maps?q=7760%20West%2020th%20Avenue%2C%20Hialeah%2C%20Florida%2033016%2C%20United%20States&#038;t=m&#038;z=12&#038;output=embed&#038;iwloc=near\"\n\t\t\t\t\ttitle=\"7760 West 20th Avenue, Hialeah, Florida 33016, United States\"\n\t\t\t\t\taria-label=\"7760 West 20th Avenue, Hialeah, Florida 33016, United States\"\n\t\t\t><\/iframe>\n\t\t<\/div>\n\t\t\t\t\t\t<\/div>\n\t\t\t\t<\/div>\n\t\t\t\t<div class=\"elementor-element elementor-element-402dfd4 elementor-align-center elementor-widget elementor-widget-button\" data-id=\"402dfd4\" data-element_type=\"widget\" data-e-type=\"widget\" data-widget_type=\"button.default\">\n\t\t\t\t<div class=\"elementor-widget-container\">\n\t\t\t\t\t\t\t\t\t<div class=\"elementor-button-wrapper\">\n\t\t\t\t\t<a class=\"elementor-button elementor-button-link elementor-size-sm elementor-animation-push\" href=\"https:\/\/wa.me\/17862525968\">\n\t\t\t\t\t\t<span class=\"elementor-button-content-wrapper\">\n\t\t\t\t\t\t\t\t\t<span class=\"elementor-button-text\">Schedule your Appointment<\/span>\n\t\t\t\t\t<\/span>\n\t\t\t\t\t<\/a>\n\t\t\t\t<\/div>\n\t\t\t\t\t\t\t\t<\/div>\n\t\t\t\t<\/div>\n\t\t\t\t\t<\/div>\n\t\t\t\t<\/div>\n\t\t\t\t<\/div>\n\t\t\t\t<\/div>","protected":false},"excerpt":{"rendered":"<p>Cont\u00e1cto LG SmartBlinds Corp7760 West 20th Avenue, Hialeah, FL 33016, USA 305-797-4479 L\u00ednea principal786-252-5968 L\u00ednea directaSales@lgsmartblinds.com HorarioLunes &#8211; Viernes: 8 AM \u2013 6 PMSabado: CerradoDomingo: Cerrado Programa tu Cita<\/p>","protected":false},"author":1,"featured_media":0,"parent":0,"menu_order":0,"comment_status":"closed","ping_status":"closed","template":"elementor_header_footer","meta":{"footnotes":""},"class_list":["post-68","page","type-page","status-publish","hentry"],"_links":{"self":[{"href":"https:\/\/lgsmartblinds.com\/en\/wp-json\/wp\/v2\/pages\/68","targetHints":{"allow":["GET"]}}],"collection":[{"href":"https:\/\/lgsmartblinds.com\/en\/wp-json\/wp\/v2\/pages"}],"about":[{"href":"https:\/\/lgsmartblinds.com\/en\/wp-json\/wp\/v2\/types\/page"}],"author":[{"embeddable":true,"href":"https:\/\/lgsmartblinds.com\/en\/wp-json\/wp\/v2\/users\/1"}],"replies":[{"embeddable":true,"href":"https:\/\/lgsmartblinds.com\/en\/wp-json\/wp\/v2\/comments?post=68"}],"version-history":[{"count":34,"href":"https:\/\/lgsmartblinds.com\/en\/wp-json\/wp\/v2\/pages\/68\/revisions"}],"predecessor-version":[{"id":1667,"href":"https:\/\/lgsmartblinds.com\/en\/wp-json\/wp\/v2\/pages\/68\/revisions\/1667"}],"wp:attachment":[{"href":"https:\/\/lgsmartblinds.com\/en\/wp-json\/wp\/v2\/media?parent=68"}],"curies":[{"name":"wp","href":"https:\/\/api.w.org\/{rel}","templated":true}]}}